{"id":666,"date":"2021-06-24T16:32:50","date_gmt":"2021-06-24T16:32:50","guid":{"rendered":"http:\/\/localhost:8888\/cafecom\/?page_id=666"},"modified":"2023-10-09T11:50:34","modified_gmt":"2023-10-09T16:50:34","slug":"por-que-cafecom","status":"publish","type":"page","link":"https:\/\/cafecom.ec\/en\/por-que-cafecom\/","title":{"rendered":"Por qu\u00e9 Cafecom"},"content":{"rendered":"<div data-elementor-type=\"wp-page\" data-elementor-id=\"666\" class=\"elementor elementor-666\" data-elementor-post-type=\"page\">\n\t\t\t\t\t\t<section class=\"elementor-section elementor-top-section elementor-element elementor-element-757cd8a elementor-section-boxed elementor-section-height-default elementor-section-height-default\" data-id=\"757cd8a\" data-element_type=\"section\">\n\t\t\t\t\t\t<div class=\"elementor-container elementor-column-gap-default\">\n\t\t\t\t\t<div class=\"elementor-column elementor-col-100 elementor-top-column elementor-element elementor-element-71e45a8\" data-id=\"71e45a8\" data-element_type=\"column\">\n\t\t\t<div class=\"elementor-widget-wrap elementor-element-populated\">\n\t\t\t\t\t\t<div class=\"elementor-element elementor-element-ea943a9 elementor-widget elementor-widget-menu-anchor\" data-id=\"ea943a9\" data-element_type=\"widget\" data-widget_type=\"menu-anchor.default\">\n\t\t\t\t<div class=\"elementor-widget-container\">\n\t\t\t\t\t\t\t<div class=\"elementor-menu-anchor\" id=\"capacitacion\"><\/div>\n\t\t\t\t\t\t<\/div>\n\t\t\t\t<\/div>\n\t\t\t\t<div class=\"elementor-element elementor-element-49d4a45 elementor-widget elementor-widget-spacer\" data-id=\"49d4a45\" data-element_type=\"widget\" data-widget_type=\"spacer.default\">\n\t\t\t\t<div class=\"elementor-widget-container\">\n\t\t\t\t\t\t\t<div class=\"elementor-spacer\">\n\t\t\t<div class=\"elementor-spacer-inner\"><\/div>\n\t\t<\/div>\n\t\t\t\t\t\t<\/div>\n\t\t\t\t<\/div>\n\t\t\t\t<section class=\"elementor-section elementor-inner-section elementor-element elementor-element-a38c8fb elementor-section-boxed elementor-section-height-default elementor-section-height-default\" data-id=\"a38c8fb\" data-element_type=\"section\">\n\t\t\t\t\t\t<div class=\"elementor-container elementor-column-gap-wide\">\n\t\t\t\t\t<div class=\"elementor-column elementor-col-50 elementor-inner-column elementor-element elementor-element-4f3fba0 elementor-invisible\" data-id=\"4f3fba0\" data-element_type=\"column\" data-settings=\"{&quot;animation&quot;:&quot;slideInLeft&quot;}\">\n\t\t\t<div class=\"elementor-widget-wrap elementor-element-populated\">\n\t\t\t\t\t\t<div class=\"elementor-element elementor-element-855b6c5 elementor-widget elementor-widget-image\" data-id=\"855b6c5\" data-element_type=\"widget\" data-widget_type=\"image.default\">\n\t\t\t\t<div class=\"elementor-widget-container\">\n\t\t\t\t\t\t\t\t\t\t\t\t\t\t\t<img fetchpriority=\"high\" decoding=\"async\" width=\"800\" height=\"534\" src=\"https:\/\/cafecom.ec\/wp-content\/uploads\/noticia-enloquecidos-1024x683.jpg\" class=\"attachment-large size-large wp-image-674\" alt=\"\" srcset=\"https:\/\/cafecom.ec\/wp-content\/uploads\/noticia-enloquecidos-1024x683.jpg 1024w, https:\/\/cafecom.ec\/wp-content\/uploads\/noticia-enloquecidos-900x600.jpg 900w, https:\/\/cafecom.ec\/wp-content\/uploads\/noticia-enloquecidos-600x400.jpg 600w, https:\/\/cafecom.ec\/wp-content\/uploads\/noticia-enloquecidos-768x512.jpg 768w, https:\/\/cafecom.ec\/wp-content\/uploads\/noticia-enloquecidos-300x200.jpg 300w, https:\/\/cafecom.ec\/wp-content\/uploads\/noticia-enloquecidos.jpg 1200w\" sizes=\"(max-width: 800px) 100vw, 800px\" \/>\t\t\t\t\t\t\t\t\t\t\t\t\t\t\t<\/div>\n\t\t\t\t<\/div>\n\t\t\t\t\t<\/div>\n\t\t<\/div>\n\t\t\t\t<div class=\"elementor-column elementor-col-50 elementor-inner-column elementor-element elementor-element-552515a\" data-id=\"552515a\" data-element_type=\"column\">\n\t\t\t<div class=\"elementor-widget-wrap elementor-element-populated\">\n\t\t\t\t\t\t<div class=\"elementor-element elementor-element-59145fe elementor-widget elementor-widget-heading\" data-id=\"59145fe\" data-element_type=\"widget\" data-widget_type=\"heading.default\">\n\t\t\t\t<div class=\"elementor-widget-container\">\n\t\t\t\t\t<h2 class=\"elementor-heading-title elementor-size-default\">Training<\/h2>\t\t\t\t<\/div>\n\t\t\t\t<\/div>\n\t\t\t\t<div class=\"elementor-element elementor-element-37a050d elementor-widget elementor-widget-text-editor\" data-id=\"37a050d\" data-element_type=\"widget\" data-widget_type=\"text-editor.default\">\n\t\t\t\t<div class=\"elementor-widget-container\">\n\t\t\t\t\t\t\t\t\t<p>In Cafecom we are committed to ensure the best quality of our coffee until it reaches the consumer. Our clients (hotels, restaurants, coffee shops, other businesses) are our strategic allies and the channels through which our coffee is enjoyed by many consumers. The complexity of coffee requires good practices and detailed attention from plant to cup in order to guarantee quality and consistency. This is why we care about providing an appropriate and complete training to all of our clients so that they can serve a cup of coffee at its finest which enhances the best aromas and flavors extracted from our beans, a cup of coffee every customer will love.<\/p><p>Within our Cafecom team, we have SCA* and CQI** certified professionals in all disciplines: barista, roasting, cupping, and brewing. Furthermore, we have experience guiding new coffee businesses and projects.<\/p><p><em>*SCA: Specialty Coffee Association <\/em><br \/><em>**CQI: Coffee Quality Institute<\/em><\/p>\t\t\t\t\t\t\t\t<\/div>\n\t\t\t\t<\/div>\n\t\t\t\t\t<\/div>\n\t\t<\/div>\n\t\t\t\t\t<\/div>\n\t\t<\/section>\n\t\t\t\t<div class=\"elementor-element elementor-element-d6d6c90 elementor-widget elementor-widget-spacer\" data-id=\"d6d6c90\" data-element_type=\"widget\" data-widget_type=\"spacer.default\">\n\t\t\t\t<div class=\"elementor-widget-container\">\n\t\t\t\t\t\t\t<div class=\"elementor-spacer\">\n\t\t\t<div class=\"elementor-spacer-inner\"><\/div>\n\t\t<\/div>\n\t\t\t\t\t\t<\/div>\n\t\t\t\t<\/div>\n\t\t\t\t\t<\/div>\n\t\t<\/div>\n\t\t\t\t\t<\/div>\n\t\t<\/section>\n\t\t\t\t<section class=\"elementor-section elementor-top-section elementor-element elementor-element-42dc474 elementor-section-boxed elementor-section-height-default elementor-section-height-default\" data-id=\"42dc474\" data-element_type=\"section\" data-settings=\"{&quot;background_background&quot;:&quot;classic&quot;}\">\n\t\t\t\t\t\t<div class=\"elementor-container elementor-column-gap-default\">\n\t\t\t\t\t<div class=\"elementor-column elementor-col-100 elementor-top-column elementor-element elementor-element-6e48855\" data-id=\"6e48855\" data-element_type=\"column\">\n\t\t\t<div class=\"elementor-widget-wrap elementor-element-populated\">\n\t\t\t\t\t\t<div class=\"elementor-element elementor-element-454c4a9 elementor-widget elementor-widget-menu-anchor\" data-id=\"454c4a9\" data-element_type=\"widget\" data-widget_type=\"menu-anchor.default\">\n\t\t\t\t<div class=\"elementor-widget-container\">\n\t\t\t\t\t\t\t<div class=\"elementor-menu-anchor\" id=\"catacion\"><\/div>\n\t\t\t\t\t\t<\/div>\n\t\t\t\t<\/div>\n\t\t\t\t<div class=\"elementor-element elementor-element-880bbf9 elementor-widget elementor-widget-spacer\" data-id=\"880bbf9\" data-element_type=\"widget\" data-widget_type=\"spacer.default\">\n\t\t\t\t<div class=\"elementor-widget-container\">\n\t\t\t\t\t\t\t<div class=\"elementor-spacer\">\n\t\t\t<div class=\"elementor-spacer-inner\"><\/div>\n\t\t<\/div>\n\t\t\t\t\t\t<\/div>\n\t\t\t\t<\/div>\n\t\t\t\t<section class=\"elementor-section elementor-inner-section elementor-element elementor-element-4d0d1c7 elementor-reverse-mobile elementor-section-boxed elementor-section-height-default elementor-section-height-default\" data-id=\"4d0d1c7\" data-element_type=\"section\">\n\t\t\t\t\t\t<div class=\"elementor-container elementor-column-gap-wide\">\n\t\t\t\t\t<div class=\"elementor-column elementor-col-50 elementor-inner-column elementor-element elementor-element-9234e53\" data-id=\"9234e53\" data-element_type=\"column\">\n\t\t\t<div class=\"elementor-widget-wrap elementor-element-populated\">\n\t\t\t\t\t\t<div class=\"elementor-element elementor-element-44bf02c elementor-widget elementor-widget-heading\" data-id=\"44bf02c\" data-element_type=\"widget\" data-widget_type=\"heading.default\">\n\t\t\t\t<div class=\"elementor-widget-container\">\n\t\t\t\t\t<h2 class=\"elementor-heading-title elementor-size-default\">Cupping<\/h2>\t\t\t\t<\/div>\n\t\t\t\t<\/div>\n\t\t\t\t<div class=\"elementor-element elementor-element-a8ce2cb elementor-widget elementor-widget-text-editor\" data-id=\"a8ce2cb\" data-element_type=\"widget\" data-widget_type=\"text-editor.default\">\n\t\t\t\t<div class=\"elementor-widget-container\">\n\t\t\t\t\t\t\t\t\t<p>We love cupping! Our certified cuppers and knowledge are essential in order to work hand in hand with our coffee producers to achieve better coffee attributes. The experience we have, also allows us to guarantee standardization and consistency of coffee quality in our brands.<\/p><p>Cupping is a standardized procedure by which you can evaluate and perceive different coffee sensory attributes such as aroma, flavor, acidity, body, sweetness, and others. This procedure is a universal protocol established by the SCA (Specialty Coffee Association).<\/p><p>Cupping consists in analyzing these attributes from a significant sample of a given batch of green coffee roasted at a medium-light level which is the optimal level for better attribute perception. From this sample, we pick 5 cups with a 7 - 9 ounces capacity where each one is prepared with 0.055 grams of grounded coffee per milliliter of water. First, we perceive and evaluate its aroma. Then, we add water at 200\u00b0F creating a moist coffee surface over the cup. After 4 minutes of maximum extraction, we break this surface with a spoon allowing the grounded coffee to flow to the bottom of the cup. Finally, we wait for the temperature to drop to approximately 158\u00b0F and proceed to taste and evaluate all its sensorial attributes with our mouth.<\/p>\t\t\t\t\t\t\t\t<\/div>\n\t\t\t\t<\/div>\n\t\t\t\t\t<\/div>\n\t\t<\/div>\n\t\t\t\t<div class=\"elementor-column elementor-col-50 elementor-inner-column elementor-element elementor-element-c89b115 elementor-invisible\" data-id=\"c89b115\" data-element_type=\"column\" data-settings=\"{&quot;animation&quot;:&quot;slideInRight&quot;}\">\n\t\t\t<div class=\"elementor-widget-wrap elementor-element-populated\">\n\t\t\t\t\t\t<div class=\"elementor-element elementor-element-edf1281 elementor-widget elementor-widget-image\" data-id=\"edf1281\" data-element_type=\"widget\" data-widget_type=\"image.default\">\n\t\t\t\t<div class=\"elementor-widget-container\">\n\t\t\t\t\t\t\t\t\t\t\t\t\t\t\t<img decoding=\"async\" width=\"800\" height=\"534\" src=\"https:\/\/cafecom.ec\/wp-content\/uploads\/catacion-1200-1024x683.jpg\" class=\"attachment-large size-large wp-image-673\" alt=\"\" srcset=\"https:\/\/cafecom.ec\/wp-content\/uploads\/catacion-1200-1024x683.jpg 1024w, https:\/\/cafecom.ec\/wp-content\/uploads\/catacion-1200-900x600.jpg 900w, https:\/\/cafecom.ec\/wp-content\/uploads\/catacion-1200-600x400.jpg 600w, https:\/\/cafecom.ec\/wp-content\/uploads\/catacion-1200-768x512.jpg 768w, https:\/\/cafecom.ec\/wp-content\/uploads\/catacion-1200-300x200.jpg 300w, https:\/\/cafecom.ec\/wp-content\/uploads\/catacion-1200.jpg 1200w\" sizes=\"(max-width: 800px) 100vw, 800px\" \/>\t\t\t\t\t\t\t\t\t\t\t\t\t\t\t<\/div>\n\t\t\t\t<\/div>\n\t\t\t\t\t<\/div>\n\t\t<\/div>\n\t\t\t\t\t<\/div>\n\t\t<\/section>\n\t\t\t\t<div class=\"elementor-element elementor-element-576fb05 elementor-widget elementor-widget-spacer\" data-id=\"576fb05\" data-element_type=\"widget\" data-widget_type=\"spacer.default\">\n\t\t\t\t<div class=\"elementor-widget-container\">\n\t\t\t\t\t\t\t<div class=\"elementor-spacer\">\n\t\t\t<div class=\"elementor-spacer-inner\"><\/div>\n\t\t<\/div>\n\t\t\t\t\t\t<\/div>\n\t\t\t\t<\/div>\n\t\t\t\t\t<\/div>\n\t\t<\/div>\n\t\t\t\t\t<\/div>\n\t\t<\/section>\n\t\t\t\t<section class=\"elementor-section elementor-top-section elementor-element elementor-element-a1889cc elementor-section-boxed elementor-section-height-default elementor-section-height-default\" data-id=\"a1889cc\" data-element_type=\"section\">\n\t\t\t\t\t\t<div class=\"elementor-container elementor-column-gap-default\">\n\t\t\t\t\t<div class=\"elementor-column elementor-col-100 elementor-top-column elementor-element elementor-element-84b96af\" data-id=\"84b96af\" data-element_type=\"column\">\n\t\t\t<div class=\"elementor-widget-wrap elementor-element-populated\">\n\t\t\t\t\t\t<div class=\"elementor-element elementor-element-94a20d3 elementor-widget elementor-widget-menu-anchor\" data-id=\"94a20d3\" data-element_type=\"widget\" data-widget_type=\"menu-anchor.default\">\n\t\t\t\t<div class=\"elementor-widget-container\">\n\t\t\t\t\t\t\t<div class=\"elementor-menu-anchor\" id=\"barismo\"><\/div>\n\t\t\t\t\t\t<\/div>\n\t\t\t\t<\/div>\n\t\t\t\t<div class=\"elementor-element elementor-element-7c5bc3e elementor-widget elementor-widget-spacer\" data-id=\"7c5bc3e\" data-element_type=\"widget\" data-widget_type=\"spacer.default\">\n\t\t\t\t<div class=\"elementor-widget-container\">\n\t\t\t\t\t\t\t<div class=\"elementor-spacer\">\n\t\t\t<div class=\"elementor-spacer-inner\"><\/div>\n\t\t<\/div>\n\t\t\t\t\t\t<\/div>\n\t\t\t\t<\/div>\n\t\t\t\t<section class=\"elementor-section elementor-inner-section elementor-element elementor-element-7532a91 elementor-section-boxed elementor-section-height-default elementor-section-height-default\" data-id=\"7532a91\" data-element_type=\"section\">\n\t\t\t\t\t\t<div class=\"elementor-container elementor-column-gap-wide\">\n\t\t\t\t\t<div class=\"elementor-column elementor-col-50 elementor-inner-column elementor-element elementor-element-eadbfba elementor-invisible\" data-id=\"eadbfba\" data-element_type=\"column\" data-settings=\"{&quot;animation&quot;:&quot;slideInLeft&quot;}\">\n\t\t\t<div class=\"elementor-widget-wrap elementor-element-populated\">\n\t\t\t\t\t\t<div class=\"elementor-element elementor-element-2c17865 elementor-widget elementor-widget-image\" data-id=\"2c17865\" data-element_type=\"widget\" data-widget_type=\"image.default\">\n\t\t\t\t<div class=\"elementor-widget-container\">\n\t\t\t\t\t\t\t\t\t\t\t\t\t\t\t<img decoding=\"async\" width=\"800\" height=\"534\" src=\"https:\/\/cafecom.ec\/wp-content\/uploads\/barismo-1024x683.jpg\" class=\"attachment-large size-large wp-image-672\" alt=\"\" srcset=\"https:\/\/cafecom.ec\/wp-content\/uploads\/barismo-1024x683.jpg 1024w, https:\/\/cafecom.ec\/wp-content\/uploads\/barismo-900x600.jpg 900w, https:\/\/cafecom.ec\/wp-content\/uploads\/barismo-600x400.jpg 600w, https:\/\/cafecom.ec\/wp-content\/uploads\/barismo-768x512.jpg 768w, https:\/\/cafecom.ec\/wp-content\/uploads\/barismo-300x200.jpg 300w, https:\/\/cafecom.ec\/wp-content\/uploads\/barismo.jpg 1200w\" sizes=\"(max-width: 800px) 100vw, 800px\" \/>\t\t\t\t\t\t\t\t\t\t\t\t\t\t\t<\/div>\n\t\t\t\t<\/div>\n\t\t\t\t\t<\/div>\n\t\t<\/div>\n\t\t\t\t<div class=\"elementor-column elementor-col-50 elementor-inner-column elementor-element elementor-element-6f422d0\" data-id=\"6f422d0\" data-element_type=\"column\">\n\t\t\t<div class=\"elementor-widget-wrap elementor-element-populated\">\n\t\t\t\t\t\t<div class=\"elementor-element elementor-element-93e9e78 elementor-widget elementor-widget-heading\" data-id=\"93e9e78\" data-element_type=\"widget\" data-widget_type=\"heading.default\">\n\t\t\t\t<div class=\"elementor-widget-container\">\n\t\t\t\t\t<h2 class=\"elementor-heading-title elementor-size-default\">Barista<\/h2>\t\t\t\t<\/div>\n\t\t\t\t<\/div>\n\t\t\t\t<div class=\"elementor-element elementor-element-d8c4448 elementor-widget elementor-widget-text-editor\" data-id=\"d8c4448\" data-element_type=\"widget\" data-widget_type=\"text-editor.default\">\n\t\t\t\t<div class=\"elementor-widget-container\">\n\t\t\t\t\t\t\t\t\t<p><span lang=\"ES\">In 2005 in an international coffee show, Vinicio Davila saw a barista for the first time. The barista and his techniques impressed him so much, Vinicio decided that he had to take this new profession to his country. Our passion is what has always led us to innovation and market trends. Barismo was still a new trend then, and our president did not want for our country to be left behind. This is why, a year later, we were the first company ever to bring a barista to Ecuador, Italian Master Barista Luigi Lupi to teach this amazing trait and certify the first Ecuadorian baristas ever. Since this first steppingstone, we now know the importance of a barista in every coffee related company.<\/span><\/p><p><span lang=\"ES\">A barista is the professional that knows how to prepare coffee drinks based on an espresso. But not just that, a barista knows everything there is to know about coffee machines, milk vaporization, and most importantly everything about the coffee which he\/she is working with. A barista must also know about roasting, grinding and cupping.<\/span><\/p><p><span lang=\"ES\">In our Cafecom team, we have 4 certified baristas, who are key in all of our projects. With them, we can certify quality and excellent service to all of our clients.<\/span><\/p>\t\t\t\t\t\t\t\t<\/div>\n\t\t\t\t<\/div>\n\t\t\t\t\t<\/div>\n\t\t<\/div>\n\t\t\t\t\t<\/div>\n\t\t<\/section>\n\t\t\t\t<div class=\"elementor-element elementor-element-8163da9 elementor-widget elementor-widget-spacer\" data-id=\"8163da9\" data-element_type=\"widget\" data-widget_type=\"spacer.default\">\n\t\t\t\t<div class=\"elementor-widget-container\">\n\t\t\t\t\t\t\t<div class=\"elementor-spacer\">\n\t\t\t<div class=\"elementor-spacer-inner\"><\/div>\n\t\t<\/div>\n\t\t\t\t\t\t<\/div>\n\t\t\t\t<\/div>\n\t\t\t\t\t<\/div>\n\t\t<\/div>\n\t\t\t\t\t<\/div>\n\t\t<\/section>\n\t\t\t\t<\/div>","protected":false},"excerpt":{"rendered":"<p>Capacitaciones En Cafecom estamos comprometidos con garantizar la calidad de nuestro caf\u00e9 hasta el consumidor. Nuestros clientes (hoteles, restaurantes, cafeter\u00edas, otros negocios) son nuestros socios estrat\u00e9gicos y el canal por el cual nuestro caf\u00e9 llega a quienes los disfrutan. El caf\u00e9 es un alimento muy complejo, y requiere de buenas pr\u00e1cticas desde la producci\u00f3n en [&hellip;]<\/p>","protected":false},"author":1,"featured_media":0,"parent":0,"menu_order":0,"comment_status":"closed","ping_status":"closed","template":"","meta":{"_acf_changed":false,"_joinchat":[],"footnotes":""},"class_list":["post-666","page","type-page","status-publish","hentry"],"acf":[],"_links":{"self":[{"href":"https:\/\/cafecom.ec\/en\/wp-json\/wp\/v2\/pages\/666","targetHints":{"allow":["GET"]}}],"collection":[{"href":"https:\/\/cafecom.ec\/en\/wp-json\/wp\/v2\/pages"}],"about":[{"href":"https:\/\/cafecom.ec\/en\/wp-json\/wp\/v2\/types\/page"}],"author":[{"embeddable":true,"href":"https:\/\/cafecom.ec\/en\/wp-json\/wp\/v2\/users\/1"}],"replies":[{"embeddable":true,"href":"https:\/\/cafecom.ec\/en\/wp-json\/wp\/v2\/comments?post=666"}],"version-history":[{"count":0,"href":"https:\/\/cafecom.ec\/en\/wp-json\/wp\/v2\/pages\/666\/revisions"}],"wp:attachment":[{"href":"https:\/\/cafecom.ec\/en\/wp-json\/wp\/v2\/media?parent=666"}],"curies":[{"name":"wp","href":"https:\/\/api.w.org\/{rel}","templated":true}]}}