{"id":244,"date":"2021-06-23T21:36:08","date_gmt":"2021-06-23T21:36:08","guid":{"rendered":"http:\/\/localhost:8888\/cafecom\/?page_id=244"},"modified":"2024-03-26T12:48:26","modified_gmt":"2024-03-26T17:48:26","slug":"quienes-somos","status":"publish","type":"page","link":"https:\/\/cafecom.ec\/en\/quienes-somos\/","title":{"rendered":"Quienes somos"},"content":{"rendered":"<div data-elementor-type=\"wp-page\" data-elementor-id=\"244\" class=\"elementor elementor-244\" data-elementor-post-type=\"page\">\n\t\t\t\t\t\t<section class=\"elementor-section elementor-top-section elementor-element elementor-element-71fbf6e elementor-section-boxed elementor-section-height-default elementor-section-height-default\" data-id=\"71fbf6e\" data-element_type=\"section\" data-settings=\"{&quot;background_background&quot;:&quot;classic&quot;}\">\n\t\t\t\t\t\t<div class=\"elementor-container elementor-column-gap-default\">\n\t\t\t\t\t<div class=\"elementor-column elementor-col-100 elementor-top-column elementor-element elementor-element-6e58d4c\" data-id=\"6e58d4c\" data-element_type=\"column\">\n\t\t\t<div class=\"elementor-widget-wrap elementor-element-populated\">\n\t\t\t\t\t\t<div class=\"elementor-element elementor-element-54de765 elementor-widget elementor-widget-spacer\" data-id=\"54de765\" data-element_type=\"widget\" data-widget_type=\"spacer.default\">\n\t\t\t\t<div class=\"elementor-widget-container\">\n\t\t\t\t\t\t\t<div class=\"elementor-spacer\">\n\t\t\t<div class=\"elementor-spacer-inner\"><\/div>\n\t\t<\/div>\n\t\t\t\t\t\t<\/div>\n\t\t\t\t<\/div>\n\t\t\t\t<section class=\"elementor-section elementor-inner-section elementor-element elementor-element-cdddb22 elementor-section-boxed elementor-section-height-default elementor-section-height-default\" data-id=\"cdddb22\" data-element_type=\"section\">\n\t\t\t\t\t\t<div class=\"elementor-container elementor-column-gap-wide\">\n\t\t\t\t\t<div class=\"elementor-column elementor-col-50 elementor-inner-column elementor-element elementor-element-de8ac5f elementor-invisible\" data-id=\"de8ac5f\" data-element_type=\"column\" data-settings=\"{&quot;animation&quot;:&quot;slideInLeft&quot;}\">\n\t\t\t<div class=\"elementor-widget-wrap elementor-element-populated\">\n\t\t\t\t\t\t<div class=\"elementor-element elementor-element-ee60d6d elementor-widget elementor-widget-image\" data-id=\"ee60d6d\" data-element_type=\"widget\" data-widget_type=\"image.default\">\n\t\t\t\t<div class=\"elementor-widget-container\">\n\t\t\t\t\t\t\t\t\t\t\t\t\t\t\t<img fetchpriority=\"high\" decoding=\"async\" width=\"800\" height=\"706\" src=\"https:\/\/cafecom.ec\/wp-content\/uploads\/quienes-somos-04-1024x904.jpg\" class=\"attachment-large size-large wp-image-564\" alt=\"\" srcset=\"https:\/\/cafecom.ec\/wp-content\/uploads\/quienes-somos-04-1024x904.jpg 1024w, https:\/\/cafecom.ec\/wp-content\/uploads\/quienes-somos-04-900x794.jpg 900w, https:\/\/cafecom.ec\/wp-content\/uploads\/quienes-somos-04-600x530.jpg 600w, https:\/\/cafecom.ec\/wp-content\/uploads\/quienes-somos-04-768x678.jpg 768w, https:\/\/cafecom.ec\/wp-content\/uploads\/quienes-somos-04-300x265.jpg 300w, https:\/\/cafecom.ec\/wp-content\/uploads\/quienes-somos-04.jpg 1200w\" sizes=\"(max-width: 800px) 100vw, 800px\" \/>\t\t\t\t\t\t\t\t\t\t\t\t\t\t\t<\/div>\n\t\t\t\t<\/div>\n\t\t\t\t\t<\/div>\n\t\t<\/div>\n\t\t\t\t<div class=\"elementor-column elementor-col-50 elementor-inner-column elementor-element elementor-element-ea4c4b6\" data-id=\"ea4c4b6\" data-element_type=\"column\">\n\t\t\t<div class=\"elementor-widget-wrap elementor-element-populated\">\n\t\t\t\t\t\t<div class=\"elementor-element elementor-element-8fa2b71 elementor-widget elementor-widget-heading\" data-id=\"8fa2b71\" data-element_type=\"widget\" data-widget_type=\"heading.default\">\n\t\t\t\t<div class=\"elementor-widget-container\">\n\t\t\t\t\t<h2 class=\"elementor-heading-title elementor-size-default\">Cafecom<\/h2>\t\t\t\t<\/div>\n\t\t\t\t<\/div>\n\t\t\t\t<div class=\"elementor-element elementor-element-122187b elementor-widget elementor-widget-text-editor\" data-id=\"122187b\" data-element_type=\"widget\" data-widget_type=\"text-editor.default\">\n\t\t\t\t<div class=\"elementor-widget-container\">\n\t\t\t\t\t\t\t\t\t<p>Vinicio Davila\u2019s passion for coffee creates CAFECOM S.A. in 1982. In the beginning, we traded green beans to promote Ecuadorian coffee all over the world. A few years later, our CEO envisioned the opportunity of becoming coffee roasters, and in addition to promoting Ecuador\u2019s specialty coffee we created our own brands: <em>Caf\u00e9 de Loja Premium, Cariamanga Gourmet, and Gal\u00e1pagos Gourmet Blend.<\/em><\/p><p>We trade and export specialty, natural arabica, and robusta coffee to the US, Europe, Asia and South America.<\/p>\t\t\t\t\t\t\t\t<\/div>\n\t\t\t\t<\/div>\n\t\t\t\t\t<\/div>\n\t\t<\/div>\n\t\t\t\t\t<\/div>\n\t\t<\/section>\n\t\t\t\t<div class=\"elementor-element elementor-element-a0e21ba elementor-widget elementor-widget-spacer\" data-id=\"a0e21ba\" data-element_type=\"widget\" data-widget_type=\"spacer.default\">\n\t\t\t\t<div class=\"elementor-widget-container\">\n\t\t\t\t\t\t\t<div class=\"elementor-spacer\">\n\t\t\t<div class=\"elementor-spacer-inner\"><\/div>\n\t\t<\/div>\n\t\t\t\t\t\t<\/div>\n\t\t\t\t<\/div>\n\t\t\t\t\t<\/div>\n\t\t<\/div>\n\t\t\t\t\t<\/div>\n\t\t<\/section>\n\t\t\t\t<section class=\"elementor-section elementor-top-section elementor-element elementor-element-2a3eb65 elementor-section-boxed elementor-section-height-default elementor-section-height-default\" data-id=\"2a3eb65\" data-element_type=\"section\" data-settings=\"{&quot;background_background&quot;:&quot;classic&quot;}\">\n\t\t\t\t\t\t<div class=\"elementor-container elementor-column-gap-default\">\n\t\t\t\t\t<div class=\"elementor-column elementor-col-100 elementor-top-column elementor-element elementor-element-5b76447\" data-id=\"5b76447\" data-element_type=\"column\">\n\t\t\t<div class=\"elementor-widget-wrap elementor-element-populated\">\n\t\t\t\t\t\t<div class=\"elementor-element elementor-element-d7c3b4c elementor-widget elementor-widget-spacer\" data-id=\"d7c3b4c\" data-element_type=\"widget\" data-widget_type=\"spacer.default\">\n\t\t\t\t<div class=\"elementor-widget-container\">\n\t\t\t\t\t\t\t<div class=\"elementor-spacer\">\n\t\t\t<div class=\"elementor-spacer-inner\"><\/div>\n\t\t<\/div>\n\t\t\t\t\t\t<\/div>\n\t\t\t\t<\/div>\n\t\t\t\t<section class=\"elementor-section elementor-inner-section elementor-element elementor-element-bb33368 elementor-reverse-mobile elementor-section-boxed elementor-section-height-default elementor-section-height-default\" data-id=\"bb33368\" data-element_type=\"section\">\n\t\t\t\t\t\t<div class=\"elementor-container elementor-column-gap-wide\">\n\t\t\t\t\t<div class=\"elementor-column elementor-col-50 elementor-inner-column elementor-element elementor-element-87d5557\" data-id=\"87d5557\" data-element_type=\"column\">\n\t\t\t<div class=\"elementor-widget-wrap elementor-element-populated\">\n\t\t\t\t\t\t<div class=\"elementor-element elementor-element-3ccad89 elementor-widget elementor-widget-text-editor\" data-id=\"3ccad89\" data-element_type=\"widget\" data-widget_type=\"text-editor.default\">\n\t\t\t\t<div class=\"elementor-widget-container\">\n\t\t\t\t\t\t\t\t\t<p>We are a team dedicated to our customers\u2019 needs with whom we develop long and lasting relationships to strengthen the coffee value chain. We feel engaged to contribute to the development of the Ecuadorian coffee culture and to improve the lives of our associate coffee producers through good agricultural practices, environment preservation and fair trade.<\/p><p>Nowadays, we keep renewing our product offer through innovation, keeping up with market\u2019s trends and new channels to further take our highest quality coffee to international markets.<\/p>\t\t\t\t\t\t\t\t<\/div>\n\t\t\t\t<\/div>\n\t\t\t\t\t<\/div>\n\t\t<\/div>\n\t\t\t\t<div class=\"elementor-column elementor-col-50 elementor-inner-column elementor-element elementor-element-3c7bd78 elementor-invisible\" data-id=\"3c7bd78\" data-element_type=\"column\" data-settings=\"{&quot;animation&quot;:&quot;slideInRight&quot;}\">\n\t\t\t<div class=\"elementor-widget-wrap elementor-element-populated\">\n\t\t\t\t\t\t<div class=\"elementor-element elementor-element-8b01bd4 elementor-widget elementor-widget-image\" data-id=\"8b01bd4\" data-element_type=\"widget\" data-widget_type=\"image.default\">\n\t\t\t\t<div class=\"elementor-widget-container\">\n\t\t\t\t\t\t\t\t\t\t\t\t\t\t\t<img decoding=\"async\" width=\"800\" height=\"535\" src=\"https:\/\/cafecom.ec\/wp-content\/uploads\/productores-1024x685.jpg\" class=\"attachment-large size-large wp-image-563\" alt=\"\" srcset=\"https:\/\/cafecom.ec\/wp-content\/uploads\/productores-1024x685.jpg 1024w, https:\/\/cafecom.ec\/wp-content\/uploads\/productores-900x602.jpg 900w, https:\/\/cafecom.ec\/wp-content\/uploads\/productores-600x402.jpg 600w, https:\/\/cafecom.ec\/wp-content\/uploads\/productores-768x514.jpg 768w, https:\/\/cafecom.ec\/wp-content\/uploads\/productores-300x201.jpg 300w, https:\/\/cafecom.ec\/wp-content\/uploads\/productores.jpg 1500w\" sizes=\"(max-width: 800px) 100vw, 800px\" \/>\t\t\t\t\t\t\t\t\t\t\t\t\t\t\t<\/div>\n\t\t\t\t<\/div>\n\t\t\t\t\t<\/div>\n\t\t<\/div>\n\t\t\t\t\t<\/div>\n\t\t<\/section>\n\t\t\t\t<div class=\"elementor-element elementor-element-0cb4d2e elementor-widget elementor-widget-spacer\" data-id=\"0cb4d2e\" data-element_type=\"widget\" data-widget_type=\"spacer.default\">\n\t\t\t\t<div class=\"elementor-widget-container\">\n\t\t\t\t\t\t\t<div class=\"elementor-spacer\">\n\t\t\t<div class=\"elementor-spacer-inner\"><\/div>\n\t\t<\/div>\n\t\t\t\t\t\t<\/div>\n\t\t\t\t<\/div>\n\t\t\t\t\t<\/div>\n\t\t<\/div>\n\t\t\t\t\t<\/div>\n\t\t<\/section>\n\t\t\t\t<section class=\"elementor-section elementor-top-section elementor-element elementor-element-1a3e274 elementor-section-boxed elementor-section-height-default elementor-section-height-default elementor-invisible\" data-id=\"1a3e274\" data-element_type=\"section\" data-settings=\"{&quot;background_background&quot;:&quot;classic&quot;,&quot;animation&quot;:&quot;slideInUp&quot;}\">\n\t\t\t\t\t\t<div class=\"elementor-container elementor-column-gap-default\">\n\t\t\t\t\t<div class=\"elementor-column elementor-col-100 elementor-top-column elementor-element elementor-element-6ed1b04\" data-id=\"6ed1b04\" data-element_type=\"column\">\n\t\t\t<div class=\"elementor-widget-wrap elementor-element-populated\">\n\t\t\t\t\t\t<div class=\"elementor-element elementor-element-f196832 elementor-widget elementor-widget-spacer\" data-id=\"f196832\" data-element_type=\"widget\" data-widget_type=\"spacer.default\">\n\t\t\t\t<div class=\"elementor-widget-container\">\n\t\t\t\t\t\t\t<div class=\"elementor-spacer\">\n\t\t\t<div class=\"elementor-spacer-inner\"><\/div>\n\t\t<\/div>\n\t\t\t\t\t\t<\/div>\n\t\t\t\t<\/div>\n\t\t\t\t<div class=\"elementor-element elementor-element-353b3b7 elementor-widget elementor-widget-heading\" data-id=\"353b3b7\" data-element_type=\"widget\" data-widget_type=\"heading.default\">\n\t\t\t\t<div class=\"elementor-widget-container\">\n\t\t\t\t\t<h2 class=\"elementor-heading-title elementor-size-default\">Cafecom's Team<\/h2>\t\t\t\t<\/div>\n\t\t\t\t<\/div>\n\t\t\t\t<section class=\"elementor-section elementor-inner-section elementor-element elementor-element-c3a8502 elementor-section-boxed elementor-section-height-default elementor-section-height-default\" data-id=\"c3a8502\" data-element_type=\"section\">\n\t\t\t\t\t\t<div class=\"elementor-container elementor-column-gap-default\">\n\t\t\t\t\t<div class=\"elementor-column elementor-col-25 elementor-inner-column elementor-element elementor-element-82ce72c\" data-id=\"82ce72c\" data-element_type=\"column\">\n\t\t\t<div class=\"elementor-widget-wrap elementor-element-populated\">\n\t\t\t\t\t\t<div class=\"elementor-element elementor-element-6c7b4bc elementor-widget elementor-widget-image\" data-id=\"6c7b4bc\" data-element_type=\"widget\" data-widget_type=\"image.default\">\n\t\t\t\t<div class=\"elementor-widget-container\">\n\t\t\t\t\t\t\t\t\t\t\t\t\t\t\t<img decoding=\"async\" width=\"600\" height=\"581\" src=\"https:\/\/cafecom.ec\/wp-content\/uploads\/img-v-davila-03.png\" class=\"attachment-large size-large wp-image-577\" alt=\"\" srcset=\"https:\/\/cafecom.ec\/wp-content\/uploads\/img-v-davila-03.png 600w, https:\/\/cafecom.ec\/wp-content\/uploads\/img-v-davila-03-300x291.png 300w\" sizes=\"(max-width: 600px) 100vw, 600px\" \/>\t\t\t\t\t\t\t\t\t\t\t\t\t\t\t<\/div>\n\t\t\t\t<\/div>\n\t\t\t\t<div class=\"elementor-element elementor-element-ff1c934 elementor-widget elementor-widget-heading\" data-id=\"ff1c934\" data-element_type=\"widget\" data-widget_type=\"heading.default\">\n\t\t\t\t<div class=\"elementor-widget-container\">\n\t\t\t\t\t<h5 class=\"elementor-heading-title elementor-size-default\">Vinicio D\u00e1vila<\/h5>\t\t\t\t<\/div>\n\t\t\t\t<\/div>\n\t\t\t\t<div class=\"elementor-element elementor-element-cff9dc8 elementor-widget elementor-widget-text-editor\" data-id=\"cff9dc8\" data-element_type=\"widget\" data-widget_type=\"text-editor.default\">\n\t\t\t\t<div class=\"elementor-widget-container\">\n\t\t\t\t\t\t\t\t\t<p style=\"text-align: center;\">CEO<\/p>\t\t\t\t\t\t\t\t<\/div>\n\t\t\t\t<\/div>\n\t\t\t\t\t<\/div>\n\t\t<\/div>\n\t\t\t\t<div class=\"elementor-column elementor-col-25 elementor-inner-column elementor-element elementor-element-e26c8aa\" data-id=\"e26c8aa\" data-element_type=\"column\">\n\t\t\t<div class=\"elementor-widget-wrap elementor-element-populated\">\n\t\t\t\t\t\t<div class=\"elementor-element elementor-element-6c7dfad elementor-widget elementor-widget-image\" data-id=\"6c7dfad\" data-element_type=\"widget\" data-widget_type=\"image.default\">\n\t\t\t\t<div class=\"elementor-widget-container\">\n\t\t\t\t\t\t\t\t\t\t\t\t\t\t\t<img loading=\"lazy\" decoding=\"async\" width=\"600\" height=\"581\" src=\"https:\/\/cafecom.ec\/wp-content\/uploads\/2021\/06\/jonathan_davila.jpg\" class=\"attachment-large size-large wp-image-260\" alt=\"\" srcset=\"https:\/\/cafecom.ec\/wp-content\/uploads\/2021\/06\/jonathan_davila.jpg 600w, https:\/\/cafecom.ec\/wp-content\/uploads\/2021\/06\/jonathan_davila-300x291.jpg 300w\" sizes=\"(max-width: 600px) 100vw, 600px\" \/>\t\t\t\t\t\t\t\t\t\t\t\t\t\t\t<\/div>\n\t\t\t\t<\/div>\n\t\t\t\t<div class=\"elementor-element elementor-element-c63d4ee elementor-widget elementor-widget-heading\" data-id=\"c63d4ee\" data-element_type=\"widget\" data-widget_type=\"heading.default\">\n\t\t\t\t<div class=\"elementor-widget-container\">\n\t\t\t\t\t<h5 class=\"elementor-heading-title elementor-size-default\">Jonathan D\u00e1vila<\/h5>\t\t\t\t<\/div>\n\t\t\t\t<\/div>\n\t\t\t\t<div class=\"elementor-element elementor-element-026abb1 elementor-widget elementor-widget-text-editor\" data-id=\"026abb1\" data-element_type=\"widget\" data-widget_type=\"text-editor.default\">\n\t\t\t\t<div class=\"elementor-widget-container\">\n\t\t\t\t\t\t\t\t\t<h6 style=\"text-align: center;\">COO<\/h6><h6 style=\"text-align: center;\">CQI Licensed Q Grader<\/h6><h6 style=\"text-align: center;\">SCA Certified Barista\/Roaster\/Brewing<\/h6>\t\t\t\t\t\t\t\t<\/div>\n\t\t\t\t<\/div>\n\t\t\t\t\t<\/div>\n\t\t<\/div>\n\t\t\t\t<div class=\"elementor-column elementor-col-25 elementor-inner-column elementor-element elementor-element-dac45fd\" data-id=\"dac45fd\" data-element_type=\"column\">\n\t\t\t<div class=\"elementor-widget-wrap elementor-element-populated\">\n\t\t\t\t\t\t<div class=\"elementor-element elementor-element-f1d9f67 elementor-widget elementor-widget-image\" data-id=\"f1d9f67\" data-element_type=\"widget\" data-widget_type=\"image.default\">\n\t\t\t\t<div class=\"elementor-widget-container\">\n\t\t\t\t\t\t\t\t\t\t\t\t\t\t\t<img loading=\"lazy\" decoding=\"async\" width=\"600\" height=\"581\" src=\"https:\/\/cafecom.ec\/wp-content\/uploads\/2021\/06\/nicole_davila.jpg\" class=\"attachment-large size-large wp-image-262\" alt=\"\" srcset=\"https:\/\/cafecom.ec\/wp-content\/uploads\/2021\/06\/nicole_davila.jpg 600w, https:\/\/cafecom.ec\/wp-content\/uploads\/2021\/06\/nicole_davila-300x291.jpg 300w\" sizes=\"(max-width: 600px) 100vw, 600px\" \/>\t\t\t\t\t\t\t\t\t\t\t\t\t\t\t<\/div>\n\t\t\t\t<\/div>\n\t\t\t\t<div class=\"elementor-element elementor-element-af72789 elementor-widget elementor-widget-heading\" data-id=\"af72789\" data-element_type=\"widget\" data-widget_type=\"heading.default\">\n\t\t\t\t<div class=\"elementor-widget-container\">\n\t\t\t\t\t<h5 class=\"elementor-heading-title elementor-size-default\">Nicole D\u00e1vila<\/h5>\t\t\t\t<\/div>\n\t\t\t\t<\/div>\n\t\t\t\t<div class=\"elementor-element elementor-element-fdc96d8 elementor-widget elementor-widget-text-editor\" data-id=\"fdc96d8\" data-element_type=\"widget\" data-widget_type=\"text-editor.default\">\n\t\t\t\t<div class=\"elementor-widget-container\">\n\t\t\t\t\t\t\t\t\t<p style=\"text-align: center;\">International Business Manager<\/p>\t\t\t\t\t\t\t\t<\/div>\n\t\t\t\t<\/div>\n\t\t\t\t\t<\/div>\n\t\t<\/div>\n\t\t\t\t<div class=\"elementor-column elementor-col-25 elementor-inner-column elementor-element elementor-element-4a2b05f\" data-id=\"4a2b05f\" data-element_type=\"column\">\n\t\t\t<div class=\"elementor-widget-wrap elementor-element-populated\">\n\t\t\t\t\t\t<div class=\"elementor-element elementor-element-1cc6dc6 elementor-widget elementor-widget-image\" data-id=\"1cc6dc6\" data-element_type=\"widget\" data-widget_type=\"image.default\">\n\t\t\t\t<div class=\"elementor-widget-container\">\n\t\t\t\t\t\t\t\t\t\t\t\t\t\t\t<img loading=\"lazy\" decoding=\"async\" width=\"600\" height=\"581\" src=\"https:\/\/cafecom.ec\/wp-content\/uploads\/2021\/06\/maria_jose_davila.jpg\" class=\"attachment-large size-large wp-image-261\" alt=\"\" srcset=\"https:\/\/cafecom.ec\/wp-content\/uploads\/2021\/06\/maria_jose_davila.jpg 600w, https:\/\/cafecom.ec\/wp-content\/uploads\/2021\/06\/maria_jose_davila-300x291.jpg 300w\" sizes=\"(max-width: 600px) 100vw, 600px\" \/>\t\t\t\t\t\t\t\t\t\t\t\t\t\t\t<\/div>\n\t\t\t\t<\/div>\n\t\t\t\t<div class=\"elementor-element elementor-element-66df52d elementor-widget elementor-widget-heading\" data-id=\"66df52d\" data-element_type=\"widget\" data-widget_type=\"heading.default\">\n\t\t\t\t<div class=\"elementor-widget-container\">\n\t\t\t\t\t<h5 class=\"elementor-heading-title elementor-size-default\">Mar\u00eda Jos\u00e9 D\u00e1vila<\/h5>\t\t\t\t<\/div>\n\t\t\t\t<\/div>\n\t\t\t\t<div class=\"elementor-element elementor-element-020eb0f elementor-widget elementor-widget-text-editor\" data-id=\"020eb0f\" data-element_type=\"widget\" data-widget_type=\"text-editor.default\">\n\t\t\t\t<div class=\"elementor-widget-container\">\n\t\t\t\t\t\t\t\t\t<p style=\"text-align: center;\">Marketing Manager<\/p>\t\t\t\t\t\t\t\t<\/div>\n\t\t\t\t<\/div>\n\t\t\t\t\t<\/div>\n\t\t<\/div>\n\t\t\t\t\t<\/div>\n\t\t<\/section>\n\t\t\t\t<div class=\"elementor-element elementor-element-729520a elementor-widget elementor-widget-spacer\" data-id=\"729520a\" data-element_type=\"widget\" data-widget_type=\"spacer.default\">\n\t\t\t\t<div class=\"elementor-widget-container\">\n\t\t\t\t\t\t\t<div class=\"elementor-spacer\">\n\t\t\t<div class=\"elementor-spacer-inner\"><\/div>\n\t\t<\/div>\n\t\t\t\t\t\t<\/div>\n\t\t\t\t<\/div>\n\t\t\t\t<div class=\"elementor-element elementor-element-9f5f70c elementor-headline--style-highlight elementor-widget elementor-widget-animated-headline\" data-id=\"9f5f70c\" data-element_type=\"widget\" data-settings=\"{&quot;marker&quot;:&quot;underline&quot;,&quot;highlighted_text&quot;:&quot;familiar&quot;,&quot;headline_style&quot;:&quot;highlight&quot;,&quot;loop&quot;:&quot;yes&quot;,&quot;highlight_animation_duration&quot;:1200,&quot;highlight_iteration_delay&quot;:8000}\" data-widget_type=\"animated-headline.default\">\n\t\t\t\t<div class=\"elementor-widget-container\">\n\t\t\t\t\t\t\t<h2 class=\"elementor-headline\">\n\t\t\t\t\t<span class=\"elementor-headline-plain-text elementor-headline-text-wrapper\">We are a family<\/span>\n\t\t\t\t<span class=\"elementor-headline-dynamic-wrapper elementor-headline-text-wrapper\">\n\t\t\t\t\t<span class=\"elementor-headline-dynamic-text elementor-headline-text-active\">business.<\/span>\n\t\t\t\t<\/span>\n\t\t\t\t<\/h2>\n\t\t\t\t\t\t<\/div>\n\t\t\t\t<\/div>\n\t\t\t\t<div class=\"elementor-element elementor-element-6ea2ff1 elementor-widget elementor-widget-spacer\" data-id=\"6ea2ff1\" data-element_type=\"widget\" data-widget_type=\"spacer.default\">\n\t\t\t\t<div class=\"elementor-widget-container\">\n\t\t\t\t\t\t\t<div class=\"elementor-spacer\">\n\t\t\t<div class=\"elementor-spacer-inner\"><\/div>\n\t\t<\/div>\n\t\t\t\t\t\t<\/div>\n\t\t\t\t<\/div>\n\t\t\t\t\t<\/div>\n\t\t<\/div>\n\t\t\t\t\t<\/div>\n\t\t<\/section>\n\t\t\t\t<\/div>","protected":false},"excerpt":{"rendered":"<p>Cafecom En 1982, CAFECOM nace de la pasi\u00f3n por el caf\u00e9 de nuestro fundador Vinicio D\u00e1vila, y con el objetivo de fomentar la caficultura Lojana del Ecuador comenzamos exportando caf\u00e9 verde.\u00a0 Pocos a\u00f1os despu\u00e9s, Vinicio vio la oportunidad de convertirnos en tostadores de caf\u00e9 y con su pasi\u00f3n por los caf\u00e9s de especialidad, decidimos lanzar [&hellip;]<\/p>","protected":false},"author":1,"featured_media":0,"parent":0,"menu_order":0,"comment_status":"closed","ping_status":"closed","template":"","meta":{"_acf_changed":false,"_joinchat":[],"footnotes":""},"class_list":["post-244","page","type-page","status-publish","hentry"],"acf":[],"_links":{"self":[{"href":"https:\/\/cafecom.ec\/en\/wp-json\/wp\/v2\/pages\/244","targetHints":{"allow":["GET"]}}],"collection":[{"href":"https:\/\/cafecom.ec\/en\/wp-json\/wp\/v2\/pages"}],"about":[{"href":"https:\/\/cafecom.ec\/en\/wp-json\/wp\/v2\/types\/page"}],"author":[{"embeddable":true,"href":"https:\/\/cafecom.ec\/en\/wp-json\/wp\/v2\/users\/1"}],"replies":[{"embeddable":true,"href":"https:\/\/cafecom.ec\/en\/wp-json\/wp\/v2\/comments?post=244"}],"version-history":[{"count":0,"href":"https:\/\/cafecom.ec\/en\/wp-json\/wp\/v2\/pages\/244\/revisions"}],"wp:attachment":[{"href":"https:\/\/cafecom.ec\/en\/wp-json\/wp\/v2\/media?parent=244"}],"curies":[{"name":"wp","href":"https:\/\/api.w.org\/{rel}","templated":true}]}}